{"id":4312,"date":"2022-09-02T13:17:15","date_gmt":"2022-09-02T19:17:15","guid":{"rendered":"http:\/\/revistafolios.mx\/?page_id=4312"},"modified":"2022-09-02T13:17:15","modified_gmt":"2022-09-02T19:17:15","slug":"transitologia-intelectuales-y-la-narrativa-democratica-en-mexico","status":"publish","type":"page","link":"https:\/\/revistafolios.mx\/?page_id=4312","title":{"rendered":"Transitolog\u00eda, intelectuales y la narrativa democr\u00e1tica en M\u00e9xico"},"content":{"rendered":"","protected":false},"excerpt":{"rendered":"","protected":false},"author":2,"featured_media":0,"parent":0,"menu_order":0,"comment_status":"closed","ping_status":"closed","template":"","meta":{"cybocfi_hide_featured_image":"","spay_email":"","footnotes":""},"class_list":["post-4312","page","type-page","status-publish","hentry"],"_links":{"self":[{"href":"https:\/\/revistafolios.mx\/index.php?rest_route=\/wp\/v2\/pages\/4312","targetHints":{"allow":["GET"]}}],"collection":[{"href":"https:\/\/revistafolios.mx\/index.php?rest_route=\/wp\/v2\/pages"}],"about":[{"href":"https:\/\/revistafolios.mx\/index.php?rest_route=\/wp\/v2\/types\/page"}],"author":[{"embeddable":true,"href":"https:\/\/revistafolios.mx\/index.php?rest_route=\/wp\/v2\/users\/2"}],"replies":[{"embeddable":true,"href":"https:\/\/revistafolios.mx\/index.php?rest_route=%2Fwp%2Fv2%2Fcomments&post=4312"}],"version-history":[{"count":1,"href":"https:\/\/revistafolios.mx\/index.php?rest_route=\/wp\/v2\/pages\/4312\/revisions"}],"predecessor-version":[{"id":4318,"href":"https:\/\/revistafolios.mx\/index.php?rest_route=\/wp\/v2\/pages\/4312\/revisions\/4318"}],"wp:attachment":[{"href":"https:\/\/revistafolios.mx\/index.php?rest_route=%2Fwp%2Fv2%2Fmedia&parent=4312"}],"curies":[{"name":"wp","href":"https:\/\/api.w.org\/{rel}","templated":true}]}}